{"id":43,"date":"2023-11-10T11:30:23","date_gmt":"2023-11-10T10:30:23","guid":{"rendered":"https:\/\/alpakas-bruennau.de\/?page_id=43"},"modified":"2023-12-15T20:48:20","modified_gmt":"2023-12-15T19:48:20","slug":"alpakawanderungen","status":"publish","type":"page","link":"https:\/\/alpakas-bruennau.de\/index.php\/angebote\/alpakawanderungen\/","title":{"rendered":"Alpakawanderungen"},"content":{"rendered":"\n<p style=\"font-size:1.6rem\">Eine entspannende Alpakawanderung durch die Natur, vorbei an Wald und Wiese. Genie\u00dfe die Ruhe, lerne die einmalige Charakteristik der Tiere kennen, entschleunige dabei und finde zur Ruhe.<\/p>\n\n\n\n<figure class=\"wp-block-image size-large\"><img loading=\"lazy\" decoding=\"async\" width=\"1024\" height=\"683\" src=\"https:\/\/alpakas-bruennau.de\/wp-content\/uploads\/2023\/11\/8P8A3434-2-1024x683.jpg\" alt=\"\" class=\"wp-image-157\" srcset=\"https:\/\/alpakas-bruennau.de\/wp-content\/uploads\/2023\/11\/8P8A3434-2-1024x683.jpg 1024w, https:\/\/alpakas-bruennau.de\/wp-content\/uploads\/2023\/11\/8P8A3434-2-scaled-416x277.jpg 416w, https:\/\/alpakas-bruennau.de\/wp-content\/uploads\/2023\/11\/8P8A3434-2-300x200.jpg 300w, https:\/\/alpakas-bruennau.de\/wp-content\/uploads\/2023\/11\/8P8A3434-2-768x512.jpg 768w, https:\/\/alpakas-bruennau.de\/wp-content\/uploads\/2023\/11\/8P8A3434-2-1536x1024.jpg 1536w, https:\/\/alpakas-bruennau.de\/wp-content\/uploads\/2023\/11\/8P8A3434-2-2048x1365.jpg 2048w\" sizes=\"auto, (max-width: 1024px) 100vw, 1024px\" \/><\/figure>\n\n\n\n<p style=\"font-size:1.5rem\">Wir bieten gef\u00fchrte Wanderungen f\u00fcr alle Alpakainterressierten an. &nbsp;Egal ob eine Tour mit der Familie, Kinderwanderungen, Freunde, Betriebsausfl\u00fcge, Gruppenevents,    JGA\u00b4s, etc. &nbsp;&nbsp;<\/p>\n\n\n\n<p style=\"font-size:1.5rem\">Die Dauer betr\u00e4gt ca. 1 \u00bd bis 2 Stunden und die Kosten liegen bei Kindern bis 10 Jahre bei 10\u20ac und ab 11 Jahren bzw. f\u00fcr Erwachsene bei 30\u20ac.<\/p>\n\n\n\n<p style=\"font-size:1.5rem\">Gruppenpreise (ab 13 Personen) oder Individuelle Anfragen beantworten wir gerne. Benutze hierzu einfach den unten stehenden Link.<\/p>\n\n\n\n<p><\/p>\n\n\n\n<p class=\"has-large-font-size\"><a href=\"mailto:info@alpakawanderungen-bruennau.de?subject=Anfrage zu einer Alpakawanderung\"><strong>Kontaktieren Sie uns mit diesem Link.<\/strong><\/a><\/p>\n\n\n\n<p>Gerne stellen wir auch Gutscheine f\u00fcr Alpakawanderungen aus.<\/p>\n\n\n\n<p>Klicke hierzu auf dem oben gesehenem Link. <\/p>\n\n\n\n<div class=\"wp-block-group has-accent-background-color has-background has-medium-font-size\" style=\"border-style:none;border-width:0px;border-radius:52px;min-height:0px;margin-top:var(--wp--preset--spacing--10);margin-bottom:var(--wp--preset--spacing--10);padding-top:var(--wp--preset--spacing--20);padding-right:var(--wp--preset--spacing--10);padding-bottom:var(--wp--preset--spacing--20);padding-left:var(--wp--preset--spacing--10)\"><div class=\"wp-block-group__inner-container is-layout-flow wp-container-core-group-is-layout-82d49ddd wp-block-group-is-layout-flow\">\n<div class=\"wp-block-group\"><div class=\"wp-block-group__inner-container is-layout-constrained wp-block-group-is-layout-constrained\">\n<p style=\"font-size:1.7rem\">Wichtige Informationen<\/p>\n\n\n\n<ul class=\"wp-block-list\">\n<li style=\"font-size:1.5rem\">Wetterfeste Kleidung, Kleidung die schmutzig werden darf. Festes Schuhwerk<\/li>\n\n\n\n<li style=\"font-size:1.5rem\">Bei schlechter Witterung entscheidet der Veranstalter ob die Wanderung entf\u00e4llt, hier entstehen keine Kosten<\/li>\n\n\n\n<li style=\"font-size:1.5rem\">Stornierungen m\u00f6glich:\n<ul class=\"wp-block-list\">\n<li>Bis 48 Stunden vor der Wanderung = kostenfrei<ul><li>Bis 24 Stunden vor der Wanderung = 50% des Gesamtpreises f\u00e4llig<\/li><\/ul>\n<ul class=\"wp-block-list\">\n<li>Unter 24 Stunden vor der Wanderung = 100% des Gesamtpreises f\u00e4llig<\/li>\n<\/ul>\n<\/li>\n<\/ul>\n<\/li>\n<\/ul>\n\n\n\n<ul class=\"wp-block-list\">\n<li style=\"font-size:1.5rem\">Keine Haftung bei Sch\u00e4den<\/li>\n\n\n\n<li style=\"font-size:1.5rem\">Wir werden unterwegs ein paar kleine Pausen einlegen, bei Bedarf k\u00f6nnen selbst mit gebrachte Getr\u00e4nke oder ein kleiner Snack verzehrt werden<\/li>\n\n\n\n<li style=\"font-size:1.5rem\">Der Laufweg betr\u00e4gt ca. 2 km<\/li>\n\n\n\n<li style=\"font-size:1.5rem\">Bei Kindern unter 10 Jahren entscheidet der Veranstalter vor Ort, ob das Kind ein Alpaka alleine f\u00fchren darf<\/li>\n\n\n\n<li style=\"font-size:1.5rem\">Zur Wanderung sind keine anderen Tiere erlaubt<\/li>\n<\/ul>\n<\/div><\/div>\n<\/div><\/div>\n","protected":false},"excerpt":{"rendered":"<p>Eine entspannende Alpakawanderung durch die Natur, vorbei an Wald und Wiese. Genie\u00dfe die Ruhe, lerne die einmalige Charakteristik der Tiere kennen, entschleunige dabei und finde zur Ruhe. Wir bieten gef\u00fchrte Wanderungen f\u00fcr alle Alpakainterressierten an. &nbsp;Egal ob eine Tour mit der Familie, Kinderwanderungen, Freunde, Betriebsausfl\u00fcge, Gruppenevents, JGA\u00b4s, etc. &nbsp;&nbsp; Die Dauer betr\u00e4gt ca. 1 \u00bd [&hellip;]<\/p>\n","protected":false},"author":1,"featured_media":0,"parent":47,"menu_order":0,"comment_status":"closed","ping_status":"closed","template":"","meta":{"footnotes":""},"class_list":["post-43","page","type-page","status-publish","hentry"],"_links":{"self":[{"href":"https:\/\/alpakas-bruennau.de\/index.php\/wp-json\/wp\/v2\/pages\/43","targetHints":{"allow":["GET"]}}],"collection":[{"href":"https:\/\/alpakas-bruennau.de\/index.php\/wp-json\/wp\/v2\/pages"}],"about":[{"href":"https:\/\/alpakas-bruennau.de\/index.php\/wp-json\/wp\/v2\/types\/page"}],"author":[{"embeddable":true,"href":"https:\/\/alpakas-bruennau.de\/index.php\/wp-json\/wp\/v2\/users\/1"}],"replies":[{"embeddable":true,"href":"https:\/\/alpakas-bruennau.de\/index.php\/wp-json\/wp\/v2\/comments?post=43"}],"version-history":[{"count":15,"href":"https:\/\/alpakas-bruennau.de\/index.php\/wp-json\/wp\/v2\/pages\/43\/revisions"}],"predecessor-version":[{"id":329,"href":"https:\/\/alpakas-bruennau.de\/index.php\/wp-json\/wp\/v2\/pages\/43\/revisions\/329"}],"up":[{"embeddable":true,"href":"https:\/\/alpakas-bruennau.de\/index.php\/wp-json\/wp\/v2\/pages\/47"}],"wp:attachment":[{"href":"https:\/\/alpakas-bruennau.de\/index.php\/wp-json\/wp\/v2\/media?parent=43"}],"curies":[{"name":"wp","href":"https:\/\/api.w.org\/{rel}","templated":true}]}}