{"id":47,"date":"2023-11-10T11:36:38","date_gmt":"2023-11-10T10:36:38","guid":{"rendered":"https:\/\/alpakas-bruennau.de\/?page_id=47"},"modified":"2023-11-25T22:34:18","modified_gmt":"2023-11-25T21:34:18","slug":"angebote","status":"publish","type":"page","link":"https:\/\/alpakas-bruennau.de\/index.php\/angebote\/","title":{"rendered":"Angebote"},"content":{"rendered":"\n<p class=\"has-large-font-size\">Wir bieten verschiede Aktivit\u00e4ten an.<\/p>\n\n\n\n<div class=\"wp-block-group\"><div class=\"wp-block-group__inner-container is-layout-constrained wp-block-group-is-layout-constrained\"><ul style=\"font-size:1.5rem;\" class=\"wp-block-page-list\"><li class=\"wp-block-pages-list__item\"><a class=\"wp-block-pages-list__item__link\" href=\"https:\/\/alpakas-bruennau.de\/index.php\/angebote\/alpakawanderungen\/\">Alpakawanderungen<\/a><\/li><li class=\"wp-block-pages-list__item\"><a class=\"wp-block-pages-list__item__link\" href=\"https:\/\/alpakas-bruennau.de\/index.php\/angebote\/ferienspassaktionen\/\">Ferienspa\u00dfaktionen<\/a><\/li><li class=\"wp-block-pages-list__item\"><a class=\"wp-block-pages-list__item__link\" href=\"https:\/\/alpakas-bruennau.de\/index.php\/angebote\/geburtstage-fuer-erwachsene\/\">Geburtstage f\u00fcr Erwachsene<\/a><\/li><li class=\"wp-block-pages-list__item\"><a class=\"wp-block-pages-list__item__link\" href=\"https:\/\/alpakas-bruennau.de\/index.php\/angebote\/geburtstage\/\">Kindergeburtstage<\/a><\/li><li class=\"wp-block-pages-list__item\"><a class=\"wp-block-pages-list__item__link\" href=\"https:\/\/alpakas-bruennau.de\/index.php\/angebote\/stallstunde-fuer-gross-und-klein\/\">Stallstunde f\u00fcr Gro\u00df und Klein<\/a><\/li><li class=\"wp-block-pages-list__item\"><a class=\"wp-block-pages-list__item__link\" href=\"https:\/\/alpakas-bruennau.de\/index.php\/angebote\/seniorenheimbesuche\/\">Seniorenheimbesuche<\/a><\/li><\/ul><\/div><\/div>\n\n\n\n<p style=\"font-size:1.5rem\">Gerne stellen wir auch Gutscheine f\u00fcr Euch aus<\/p>\n\n\n\n<p style=\"font-size:1.5rem\"><\/p>\n\n\n\n<p style=\"font-size:1.5rem\">F\u00fcr Individuelle Anfragen k\u00f6nnen wir gerne telefonisch oder per Email auf Eure W\u00fcnsche und Anliegen eingehen.<\/p>\n\n\n\n<p style=\"font-size:1.5rem\">Telefonnummern<\/p>\n\n\n\n<p style=\"font-size:1.5rem\">Johanna Bedenk 0171 6172321<\/p>\n\n\n\n<p style=\"font-size:1.5rem\">Marco Hanf 0162 4121417<\/p>\n\n\n\n<p style=\"font-size:1.5rem\">Linda G\u00f6bel 0151 26702967<\/p>\n","protected":false},"excerpt":{"rendered":"<p>Wir bieten verschiede Aktivit\u00e4ten an. Gerne stellen wir auch Gutscheine f\u00fcr Euch aus F\u00fcr Individuelle Anfragen k\u00f6nnen wir gerne telefonisch oder per Email auf Eure W\u00fcnsche und Anliegen eingehen. Telefonnummern Johanna Bedenk 0171 6172321 Marco Hanf 0162 4121417 Linda G\u00f6bel 0151 26702967<\/p>\n","protected":false},"author":1,"featured_media":0,"parent":0,"menu_order":0,"comment_status":"closed","ping_status":"closed","template":"","meta":{"footnotes":""},"class_list":["post-47","page","type-page","status-publish","hentry"],"_links":{"self":[{"href":"https:\/\/alpakas-bruennau.de\/index.php\/wp-json\/wp\/v2\/pages\/47","targetHints":{"allow":["GET"]}}],"collection":[{"href":"https:\/\/alpakas-bruennau.de\/index.php\/wp-json\/wp\/v2\/pages"}],"about":[{"href":"https:\/\/alpakas-bruennau.de\/index.php\/wp-json\/wp\/v2\/types\/page"}],"author":[{"embeddable":true,"href":"https:\/\/alpakas-bruennau.de\/index.php\/wp-json\/wp\/v2\/users\/1"}],"replies":[{"embeddable":true,"href":"https:\/\/alpakas-bruennau.de\/index.php\/wp-json\/wp\/v2\/comments?post=47"}],"version-history":[{"count":9,"href":"https:\/\/alpakas-bruennau.de\/index.php\/wp-json\/wp\/v2\/pages\/47\/revisions"}],"predecessor-version":[{"id":244,"href":"https:\/\/alpakas-bruennau.de\/index.php\/wp-json\/wp\/v2\/pages\/47\/revisions\/244"}],"wp:attachment":[{"href":"https:\/\/alpakas-bruennau.de\/index.php\/wp-json\/wp\/v2\/media?parent=47"}],"curies":[{"name":"wp","href":"https:\/\/api.w.org\/{rel}","templated":true}]}}