{"id":58,"date":"2023-11-10T11:46:21","date_gmt":"2023-11-10T10:46:21","guid":{"rendered":"https:\/\/alpakas-bruennau.de\/?page_id=58"},"modified":"2023-11-25T21:59:45","modified_gmt":"2023-11-25T20:59:45","slug":"stallstunde-fuer-gross-und-klein","status":"publish","type":"page","link":"https:\/\/alpakas-bruennau.de\/index.php\/angebote\/stallstunde-fuer-gross-und-klein\/","title":{"rendered":"Stallstunde f\u00fcr Gro\u00df und Klein"},"content":{"rendered":"\n<p style=\"font-size:1.5rem\">Bei unserer aufschlussreichen Stallstunde hast du die M\u00f6glichkeit, die Alpakas an unserem gro\u00dfz\u00fcgigen Offenstall hautnah zu erleben.<\/p>\n\n\n\n<figure class=\"wp-block-image size-large is-style-rounded\"><img loading=\"lazy\" decoding=\"async\" width=\"1024\" height=\"683\" src=\"https:\/\/alpakas-bruennau.de\/wp-content\/uploads\/2023\/11\/bild_stallstunde-1024x683.jpg\" alt=\"\" class=\"wp-image-94\" srcset=\"https:\/\/alpakas-bruennau.de\/wp-content\/uploads\/2023\/11\/bild_stallstunde-1024x683.jpg 1024w, https:\/\/alpakas-bruennau.de\/wp-content\/uploads\/2023\/11\/bild_stallstunde-scaled-416x277.jpg 416w, https:\/\/alpakas-bruennau.de\/wp-content\/uploads\/2023\/11\/bild_stallstunde-300x200.jpg 300w, https:\/\/alpakas-bruennau.de\/wp-content\/uploads\/2023\/11\/bild_stallstunde-768x512.jpg 768w, https:\/\/alpakas-bruennau.de\/wp-content\/uploads\/2023\/11\/bild_stallstunde-1536x1024.jpg 1536w, https:\/\/alpakas-bruennau.de\/wp-content\/uploads\/2023\/11\/bild_stallstunde-2048x1365.jpg 2048w\" sizes=\"auto, (max-width: 1024px) 100vw, 1024px\" \/><\/figure>\n\n\n\n<p style=\"font-size:1.5rem\">Besonders spielerisch erlernen vor allem Kinder alles rund um die Lebensart der Tiere.<\/p>\n\n\n\n<p style=\"font-size:1.5rem\">Wir geben Dir viel Auskunft \u00fcber die Neuweltkameliden und beantworten alles, was du schon immer \u00fcber Alpakas wissen wolltest. Egal ob F\u00fctterung, Haltung oder Pflege.<\/p>\n\n\n\n<p style=\"font-size:1.5rem\">Wer Lust hat kann hier gerne auch dazu helfen und bei der Versorgung fest mit anpacken.<\/p>\n\n\n\n<p style=\"font-size:1.5rem\">Diese Aktivit\u00e4t empfehlen wir vor allem f\u00fcr unsere kleinsten Besuchern ab 2 Jahren, geheingeschr\u00e4nkte Personen oder f\u00fcr all diejenigen, die erst einmal langsam mit den Tieren in Ber\u00fchrung kommen wollen.<\/p>\n\n\n\n<p style=\"font-size:1.5rem\">Eine Stallstunde dauert immer 60 Minuten und kostet 10\u20ac pro Person.<\/p>\n\n\n\n<p style=\"font-size:1.85rem\"><a href=\"mailto:info@alpakawanderungen-bruennau.de?subject=Anfrage zu einer Stallstunde\">Kontaktieren Sie uns mit diesem Link.<\/a><\/p>\n","protected":false},"excerpt":{"rendered":"<p>Bei unserer aufschlussreichen Stallstunde hast du die M\u00f6glichkeit, die Alpakas an unserem gro\u00dfz\u00fcgigen Offenstall hautnah zu erleben. Besonders spielerisch erlernen vor allem Kinder alles rund um die Lebensart der Tiere. Wir geben Dir viel Auskunft \u00fcber die Neuweltkameliden und beantworten alles, was du schon immer \u00fcber Alpakas wissen wolltest. Egal ob F\u00fctterung, Haltung oder Pflege. [&hellip;]<\/p>\n","protected":false},"author":1,"featured_media":0,"parent":47,"menu_order":0,"comment_status":"closed","ping_status":"closed","template":"","meta":{"footnotes":""},"class_list":["post-58","page","type-page","status-publish","hentry"],"_links":{"self":[{"href":"https:\/\/alpakas-bruennau.de\/index.php\/wp-json\/wp\/v2\/pages\/58","targetHints":{"allow":["GET"]}}],"collection":[{"href":"https:\/\/alpakas-bruennau.de\/index.php\/wp-json\/wp\/v2\/pages"}],"about":[{"href":"https:\/\/alpakas-bruennau.de\/index.php\/wp-json\/wp\/v2\/types\/page"}],"author":[{"embeddable":true,"href":"https:\/\/alpakas-bruennau.de\/index.php\/wp-json\/wp\/v2\/users\/1"}],"replies":[{"embeddable":true,"href":"https:\/\/alpakas-bruennau.de\/index.php\/wp-json\/wp\/v2\/comments?post=58"}],"version-history":[{"count":6,"href":"https:\/\/alpakas-bruennau.de\/index.php\/wp-json\/wp\/v2\/pages\/58\/revisions"}],"predecessor-version":[{"id":224,"href":"https:\/\/alpakas-bruennau.de\/index.php\/wp-json\/wp\/v2\/pages\/58\/revisions\/224"}],"up":[{"embeddable":true,"href":"https:\/\/alpakas-bruennau.de\/index.php\/wp-json\/wp\/v2\/pages\/47"}],"wp:attachment":[{"href":"https:\/\/alpakas-bruennau.de\/index.php\/wp-json\/wp\/v2\/media?parent=58"}],"curies":[{"name":"wp","href":"https:\/\/api.w.org\/{rel}","templated":true}]}}