{"id":63,"date":"2023-11-10T11:51:08","date_gmt":"2023-11-10T10:51:08","guid":{"rendered":"https:\/\/alpakas-bruennau.de\/?page_id=63"},"modified":"2024-09-02T18:30:33","modified_gmt":"2024-09-02T16:30:33","slug":"geburtstage","status":"publish","type":"page","link":"https:\/\/alpakas-bruennau.de\/index.php\/angebote\/geburtstage\/","title":{"rendered":"Kindergeburtstage"},"content":{"rendered":"\n<p style=\"font-size:1.5rem\">Ihr wolltet schon immer mal einen Alpakageburstag feiern? Hierf\u00fcr bieten wir ein abwechslungsreiches Programm an.<\/p>\n\n\n\n<p><\/p>\n\n\n\n<figure class=\"wp-block-gallery has-nested-images columns-default is-cropped wp-block-gallery-1 is-layout-flex wp-block-gallery-is-layout-flex\">\n<figure data-wp-context=\"{&quot;imageId&quot;:&quot;69f2d59920ac7&quot;}\" data-wp-interactive=\"core\/image\" data-wp-key=\"69f2d59920ac7\" class=\"wp-block-image size-large has-custom-border is-style-rounded wp-lightbox-container\"><img loading=\"lazy\" decoding=\"async\" width=\"326\" height=\"490\" data-wp-class--hide=\"state.isContentHidden\" data-wp-class--show=\"state.isContentVisible\" data-wp-init=\"callbacks.setButtonStyles\" data-wp-on--click=\"actions.showLightbox\" data-wp-on--load=\"callbacks.setButtonStyles\" data-wp-on-window--resize=\"callbacks.setButtonStyles\" data-id=\"75\" src=\"https:\/\/alpakas-bruennau.de\/wp-content\/uploads\/2023\/11\/bild_geburtstage1.jpg\" alt=\"\" class=\"wp-image-75\" style=\"border-style:none;border-width:0px;border-radius:36px\" srcset=\"https:\/\/alpakas-bruennau.de\/wp-content\/uploads\/2023\/11\/bild_geburtstage1.jpg 326w, https:\/\/alpakas-bruennau.de\/wp-content\/uploads\/2023\/11\/bild_geburtstage1-200x300.jpg 200w\" sizes=\"auto, (max-width: 326px) 100vw, 326px\" \/><button\n\t\t\tclass=\"lightbox-trigger\"\n\t\t\ttype=\"button\"\n\t\t\taria-haspopup=\"dialog\"\n\t\t\taria-label=\"Vergr\u00f6\u00dfern\"\n\t\t\tdata-wp-init=\"callbacks.initTriggerButton\"\n\t\t\tdata-wp-on--click=\"actions.showLightbox\"\n\t\t\tdata-wp-style--right=\"state.imageButtonRight\"\n\t\t\tdata-wp-style--top=\"state.imageButtonTop\"\n\t\t>\n\t\t\t<svg xmlns=\"http:\/\/www.w3.org\/2000\/svg\" width=\"12\" height=\"12\" fill=\"none\" viewBox=\"0 0 12 12\">\n\t\t\t\t<path fill=\"#fff\" d=\"M2 0a2 2 0 0 0-2 2v2h1.5V2a.5.5 0 0 1 .5-.5h2V0H2Zm2 10.5H2a.5.5 0 0 1-.5-.5V8H0v2a2 2 0 0 0 2 2h2v-1.5ZM8 12v-1.5h2a.5.5 0 0 0 .5-.5V8H12v2a2 2 0 0 1-2 2H8Zm2-12a2 2 0 0 1 2 2v2h-1.5V2a.5.5 0 0 0-.5-.5H8V0h2Z\" \/>\n\t\t\t<\/svg>\n\t\t<\/button><\/figure>\n\n\n\n<figure data-wp-context=\"{&quot;imageId&quot;:&quot;69f2d59921983&quot;}\" data-wp-interactive=\"core\/image\" data-wp-key=\"69f2d59921983\" class=\"wp-block-image size-large has-custom-border is-style-rounded wp-lightbox-container\"><img loading=\"lazy\" decoding=\"async\" width=\"547\" height=\"364\" data-wp-class--hide=\"state.isContentHidden\" data-wp-class--show=\"state.isContentVisible\" data-wp-init=\"callbacks.setButtonStyles\" data-wp-on--click=\"actions.showLightbox\" data-wp-on--load=\"callbacks.setButtonStyles\" data-wp-on-window--resize=\"callbacks.setButtonStyles\" data-id=\"76\" src=\"https:\/\/alpakas-bruennau.de\/wp-content\/uploads\/2023\/11\/bild_geburtstage2.png\" alt=\"\" class=\"wp-image-76\" style=\"border-radius:36px\" srcset=\"https:\/\/alpakas-bruennau.de\/wp-content\/uploads\/2023\/11\/bild_geburtstage2.png 547w, https:\/\/alpakas-bruennau.de\/wp-content\/uploads\/2023\/11\/bild_geburtstage2-416x277.png 416w, https:\/\/alpakas-bruennau.de\/wp-content\/uploads\/2023\/11\/bild_geburtstage2-300x200.png 300w\" sizes=\"auto, (max-width: 547px) 100vw, 547px\" \/><button\n\t\t\tclass=\"lightbox-trigger\"\n\t\t\ttype=\"button\"\n\t\t\taria-haspopup=\"dialog\"\n\t\t\taria-label=\"Vergr\u00f6\u00dfern\"\n\t\t\tdata-wp-init=\"callbacks.initTriggerButton\"\n\t\t\tdata-wp-on--click=\"actions.showLightbox\"\n\t\t\tdata-wp-style--right=\"state.imageButtonRight\"\n\t\t\tdata-wp-style--top=\"state.imageButtonTop\"\n\t\t>\n\t\t\t<svg xmlns=\"http:\/\/www.w3.org\/2000\/svg\" width=\"12\" height=\"12\" fill=\"none\" viewBox=\"0 0 12 12\">\n\t\t\t\t<path fill=\"#fff\" d=\"M2 0a2 2 0 0 0-2 2v2h1.5V2a.5.5 0 0 1 .5-.5h2V0H2Zm2 10.5H2a.5.5 0 0 1-.5-.5V8H0v2a2 2 0 0 0 2 2h2v-1.5ZM8 12v-1.5h2a.5.5 0 0 0 .5-.5V8H12v2a2 2 0 0 1-2 2H8Zm2-12a2 2 0 0 1 2 2v2h-1.5V2a.5.5 0 0 0-.5-.5H8V0h2Z\" \/>\n\t\t\t<\/svg>\n\t\t<\/button><\/figure>\n<\/figure>\n\n\n\n<p class=\"has-large-font-size\">Kindergeburtstag<\/p>\n\n\n\n<p style=\"font-size:1.5rem\">Bei einem Alpakageburtstag lernen die Kinder spielerisch vieles \u00fcber die Alpakas. Wir beginnen mit einer einem Kartensuchspiel am Stall, hierbei werden die Kinder aktiv und erlernen spielerisch den richtigen Umgang und die Pflege der Tiere.<\/p>\n\n\n\n<p style=\"font-size:1.5rem\">Der H\u00f6hepunkt des Geburtstages ist die Alpakawanderung bei der die Kinder die Alpakas f\u00fchren d\u00fcrfen und an verschiedenen Punkten knifflige Aufgaben l\u00f6sen m\u00fcssen. Am Ende erwartet die Abenteurer ein kleiner Schatz. Weitere Bestandteile sind, ein kreatives Angebot zum Basteln einer Erinnerung und eine Snackpause, mit selbst mitgebrachtem Essen und Trinken.<\/p>\n\n\n\n<p style=\"font-size:1.5rem\">Kosten, des Geburtstages, 250\u20ac bis 10 Personen jede weitere Person 10\u20ac.<\/p>\n\n\n\n<p style=\"font-size:1.5rem\">Wichtige Informationen zu allen Geburtstagen<\/p>\n\n\n\n<ul style=\"font-size:1.5rem\" class=\"wp-block-list\">\n<li>Die Dauer betr\u00e4gt ca. 2 \u00bd bis 3 Stunden<\/li>\n\n\n\n<li>Kleine K\u00fchlm\u00f6glichkeiten sind f\u00fcr das mitgebrachte Essen verf\u00fcgbar<\/li>\n\n\n\n<li>Wir verf\u00fcgen leider \u00fcber keine Sanit\u00e4ren Anlagen und kein flie\u00dfend Wasser<\/li>\n<\/ul>\n\n\n\n<p class=\"has-large-font-size\"><a href=\"mailto:info@alpakawanderungen-bruennau.de?subject=Anfrage zu einem Geburtstag\">Kontaktieren Sie uns gerne mit diesem Link<\/a> <\/p>\n\n\n\n<p><\/p>\n\n\n\n<p><\/p>\n\n\n\n<p><\/p>\n\n\n\n<p><\/p>\n\n\n\n<p><\/p>\n","protected":false},"excerpt":{"rendered":"<p>Ihr wolltet schon immer mal einen Alpakageburstag feiern? Hierf\u00fcr bieten wir ein abwechslungsreiches Programm an. Kindergeburtstag Bei einem Alpakageburtstag lernen die Kinder spielerisch vieles \u00fcber die Alpakas. Wir beginnen mit einer einem Kartensuchspiel am Stall, hierbei werden die Kinder aktiv und erlernen spielerisch den richtigen Umgang und die Pflege der Tiere. Der H\u00f6hepunkt des Geburtstages [&hellip;]<\/p>\n","protected":false},"author":1,"featured_media":0,"parent":47,"menu_order":0,"comment_status":"closed","ping_status":"closed","template":"","meta":{"footnotes":""},"class_list":["post-63","page","type-page","status-publish","hentry"],"_links":{"self":[{"href":"https:\/\/alpakas-bruennau.de\/index.php\/wp-json\/wp\/v2\/pages\/63","targetHints":{"allow":["GET"]}}],"collection":[{"href":"https:\/\/alpakas-bruennau.de\/index.php\/wp-json\/wp\/v2\/pages"}],"about":[{"href":"https:\/\/alpakas-bruennau.de\/index.php\/wp-json\/wp\/v2\/types\/page"}],"author":[{"embeddable":true,"href":"https:\/\/alpakas-bruennau.de\/index.php\/wp-json\/wp\/v2\/users\/1"}],"replies":[{"embeddable":true,"href":"https:\/\/alpakas-bruennau.de\/index.php\/wp-json\/wp\/v2\/comments?post=63"}],"version-history":[{"count":10,"href":"https:\/\/alpakas-bruennau.de\/index.php\/wp-json\/wp\/v2\/pages\/63\/revisions"}],"predecessor-version":[{"id":433,"href":"https:\/\/alpakas-bruennau.de\/index.php\/wp-json\/wp\/v2\/pages\/63\/revisions\/433"}],"up":[{"embeddable":true,"href":"https:\/\/alpakas-bruennau.de\/index.php\/wp-json\/wp\/v2\/pages\/47"}],"wp:attachment":[{"href":"https:\/\/alpakas-bruennau.de\/index.php\/wp-json\/wp\/v2\/media?parent=63"}],"curies":[{"name":"wp","href":"https:\/\/api.w.org\/{rel}","templated":true}]}}