{"id":208,"date":"2023-11-25T21:20:29","date_gmt":"2023-11-25T20:20:29","guid":{"rendered":"https:\/\/alpakas-bruennau.de\/?post_type=product&#038;p=208"},"modified":"2025-11-21T21:52:59","modified_gmt":"2025-11-21T20:52:59","slug":"alpaka-trekking-socken-aus-alpaka-woll-mix-groesse-42-44","status":"publish","type":"product","link":"https:\/\/alpakas-bruennau.de\/index.php\/product\/alpaka-trekking-socken-aus-alpaka-woll-mix-groesse-42-44\/","title":{"rendered":"Alpaka Trekking Socken aus Alpaka-Woll-Mix Gr\u00f6\u00dfe"},"content":{"rendered":"<p>&nbsp;<\/p>\n<p>&#8211; Material: 52% Alpaka 35% Wolle 11% Nylon 2% Elasthan<br \/>\n&#8211; Atmungsaktiv und klimaregulierend: Alpaka verhindert Geruchsbildung<br \/>\n&#8211; perfekter Halt dank feinem Rippenstrickb\u00fcndchen, Schafth\u00f6he: 18cm<br \/>\n&#8211; Verst\u00e4rkter Versen- und Zehenbereich<br \/>\n&#8211; gekettelte N\u00e4hte<br \/>\n&#8211; h\u00f6chste Qualit\u00e4t: Fair und nachhaltig hergestellt in Peru.<\/p>\n<p><b>Dieses Produkt wurde mit Aloe Vera und Jojoba\u00f6l veredelt.<\/b><\/p>\n<p>Der Allrounder unter den Socken, das ist unsere Trekking-Socke. Weich, warm und atmungsaktiv, ideal f\u00fcr alle Freizeit-, Sport- und Outdoor-Akivit\u00e4ten.<\/p>\n<p>Die genialen Eigenschaften von Alpaka kommen hier optimal zur Geltung. Die Alpaka-Faser wirkt dank mikroskopisch kleiner Hohlr\u00e4ume temperatur-ausgleichend. Das sorgt f\u00fcr eine ideale Klimaregulierung. So bleiben Ihre F\u00fc\u00dfe trocken und warm, w\u00e4hrend Schwei\u00df- und Geruchsbildung verhindert wird. Durch den geringen Anteil an Lanolin (Wollfett) ist diese Socke ideal geeignet auch f\u00fcr Allergiker und Neurodermitiker. Profitieren Sie von der langen Haltbarkeit aufgrund der hohen Strapazierf\u00e4higkeit der Faser. Genie\u00dfen Sie das unglaublich weiche Tragegef\u00fchl dieser Socken.<\/p>\n<p>Mit nat\u00fcrlicher Aloe Vera &amp; Jojoba\u00f6l-Ausr\u00fcstung f\u00fcr besondere Weichheit, optimale Hydrobalance und ein angenehmes Tragegef\u00fchl. Aloe Vera und Jojoba helfen, die nat\u00fcrliche Hautfeuchtigkeit zu bewahren, indem sie Feuchtigkeit spenden und \u00fcbersch\u00fcssige Feuchtigkeit ableiten, was unangenehmes Schwitzen reduziert. Die beruhigenden Eigenschaften sch\u00fctzen empfindliche Haut und halten die Faser nachhaltig geschmeidig.<\/p>\n<p>Ob Couch oder Wildnis &#8211; verw\u00f6hnen Sie Ihre F\u00fc\u00dfe mit den Trekkingsocken von APU KUNTUR.<\/p>\n<p>Pflegeempfehlung:<br \/>\nWaschbar bei 30\u00b0C im Schonwaschgang.<\/p>\n","protected":false},"excerpt":{"rendered":"<p>Wunderbar warm und weich &#8211; die perfekte Outdoor-Socke. Material: 52% Alpaka 35% Wolle 11% Nylon 2% Elasthan<\/p>\n<p>Pflegeempfehlung:<br \/>\nWaschbar bei 30\u00b0C im Schonwaschgang.<\/p>\n","protected":false},"featured_media":191,"comment_status":"closed","ping_status":"closed","template":"","meta":[],"product_brand":[],"product_cat":[43],"product_tag":[24,25],"class_list":{"0":"post-208","1":"product","2":"type-product","3":"status-publish","4":"has-post-thumbnail","6":"product_cat-socken","7":"product_tag-alpakasocken","8":"product_tag-socken","9":"product_shipping_class-normal","11":"first","12":"instock","13":"shipping-taxable","14":"purchasable","15":"product-type-variable"},"_links":{"self":[{"href":"https:\/\/alpakas-bruennau.de\/index.php\/wp-json\/wp\/v2\/product\/208","targetHints":{"allow":["GET"]}}],"collection":[{"href":"https:\/\/alpakas-bruennau.de\/index.php\/wp-json\/wp\/v2\/product"}],"about":[{"href":"https:\/\/alpakas-bruennau.de\/index.php\/wp-json\/wp\/v2\/types\/product"}],"replies":[{"embeddable":true,"href":"https:\/\/alpakas-bruennau.de\/index.php\/wp-json\/wp\/v2\/comments?post=208"}],"wp:featuredmedia":[{"embeddable":true,"href":"https:\/\/alpakas-bruennau.de\/index.php\/wp-json\/wp\/v2\/media\/191"}],"wp:attachment":[{"href":"https:\/\/alpakas-bruennau.de\/index.php\/wp-json\/wp\/v2\/media?parent=208"}],"wp:term":[{"taxonomy":"product_brand","embeddable":true,"href":"https:\/\/alpakas-bruennau.de\/index.php\/wp-json\/wp\/v2\/product_brand?post=208"},{"taxonomy":"product_cat","embeddable":true,"href":"https:\/\/alpakas-bruennau.de\/index.php\/wp-json\/wp\/v2\/product_cat?post=208"},{"taxonomy":"product_tag","embeddable":true,"href":"https:\/\/alpakas-bruennau.de\/index.php\/wp-json\/wp\/v2\/product_tag?post=208"}],"curies":[{"name":"wp","href":"https:\/\/api.w.org\/{rel}","templated":true}]}}