{"id":213,"date":"2024-11-24T18:32:58","date_gmt":"2024-11-24T17:32:58","guid":{"rendered":"https:\/\/alpakas-bruennau.de\/?post_type=product&#038;p=213"},"modified":"2025-11-21T21:52:09","modified_gmt":"2025-11-21T20:52:09","slug":"alpaka-socken-business-70-alpaka-groesse-42-44","status":"publish","type":"product","link":"https:\/\/alpakas-bruennau.de\/index.php\/product\/alpaka-socken-business-70-alpaka-groesse-42-44\/","title":{"rendered":"Alpaka Socken Business 70% Alpakaanteil"},"content":{"rendered":"<p>&nbsp;<\/p>\n<p>&#8211; Material: 70% Alpaka (Baby Alpaka), 20% Baumwolle (Pima-Baumwolle), 5% Wolle (Superwash), 5% Nylon<br \/>\n&#8211; perfekte Passform, Bund f\u00fcr optimalen Halt<br \/>\n&#8211; eingestricktes Logo<br \/>\n&#8211; erh\u00f6hte Haltbarkeit durch Verst\u00e4rkung mit Elasthan<br \/>\n&#8211; thermoregulierend und geruchsneutral<br \/>\n&#8211; Schafth\u00f6he 21cm bei Gr\u00f6sse 42\/44 (L)<\/p>\n<p><b>Dieses Produkt wurde mit Aloe Vera und Jojoba\u00f6l veredelt.<\/b><\/p>\n<p>Wunderbar weiches Tragegef\u00fchl in leichter Alpaka-Premiumqualit\u00e4t &#8211; unser eleganter Klassiker in hochwertiger Verarbeitung von APU KUNTUR. Leicht und fein verarbeitet, ideal f\u00fcr das t\u00e4gliche Tragen. Auch als Businesssocke f\u00fcr Herren und Damen sehr beliebt.<\/p>\n<p>Die genialen Eigenschaften von Alpaka kommen hier optimal zur Geltung. Die Alpaka-Faser wirkt dank mikroskopisch kleiner Hohlr\u00e4ume temperatur-ausgleichend. Das sorgt f\u00fcr eine ideale Klima-regulierung. So bleiben Ihre F\u00fc\u00dfe trocken und warm, w\u00e4hrend Schwei\u00df- und Geruchsbildung verhindert wird. Durch den geringen Anteil an Lanolin (Wollfett) ist diese Socke ideal geeignet auch f\u00fcr Allergiker und Neurodermitiker. Profitieren Sie von der langen Haltbarkeit aufgrund der hohen Strapazierf\u00e4higkeit der Faser. Genie\u00dfen Sie das unglaublich weiche Tragegef\u00fchl dieser Socken.<\/p>\n<p>Mit nat\u00fcrlicher Aloe Vera &amp; Jojoba\u00f6l-Ausr\u00fcstung f\u00fcr besondere Weichheit, optimale Hydrobalance und ein angenehmes Tragegef\u00fchl. Aloe Vera und Jojoba helfen, die nat\u00fcrliche Hautfeuchtigkeit zu bewahren, indem sie Feuchtigkeit spenden und \u00fcbersch\u00fcssige Feuchtigkeit ableiten, was unangenehmes Schwitzen reduziert. Die beruhigenden Eigenschaften sch\u00fctzen empfindliche Haut und halten die Faser nachhaltig geschmeidig.<\/p>\n<p>Perfekt gearbeitete Wollsocke f\u00fcr h\u00f6chste Anspr\u00fcche an nachhaltige Qualit\u00e4t. Verw\u00f6hnen Sie Ihre F\u00fc\u00dfe mit dem einzigartigen Tragekomfort dieser hochwertigen Alpakasocken.<\/p>\n<p>Waschbar bei 30\u00b0C im Schonwaschgang.<\/p>\n","protected":false},"excerpt":{"rendered":"<p>Alpaka Socken Business Premium aus\u00a0 70% Alpaka, 20% Baumwolle (Pima-Baumwolle), 5% Wolle (Superwash), 5% Nylon,<\/p>\n<p>Elegant und leicht, Waschbar bei 30\u00b0C im Schonwaschgang.<\/p>\n","protected":false},"featured_media":188,"comment_status":"closed","ping_status":"closed","template":"","meta":[],"product_brand":[],"product_cat":[43],"product_tag":[24,25],"class_list":{"0":"post-213","1":"product","2":"type-product","3":"status-publish","4":"has-post-thumbnail","6":"product_cat-socken","7":"product_tag-alpakasocken","8":"product_tag-socken","9":"product_shipping_class-normal","11":"first","12":"instock","13":"shipping-taxable","14":"purchasable","15":"product-type-variable"},"_links":{"self":[{"href":"https:\/\/alpakas-bruennau.de\/index.php\/wp-json\/wp\/v2\/product\/213","targetHints":{"allow":["GET"]}}],"collection":[{"href":"https:\/\/alpakas-bruennau.de\/index.php\/wp-json\/wp\/v2\/product"}],"about":[{"href":"https:\/\/alpakas-bruennau.de\/index.php\/wp-json\/wp\/v2\/types\/product"}],"replies":[{"embeddable":true,"href":"https:\/\/alpakas-bruennau.de\/index.php\/wp-json\/wp\/v2\/comments?post=213"}],"wp:featuredmedia":[{"embeddable":true,"href":"https:\/\/alpakas-bruennau.de\/index.php\/wp-json\/wp\/v2\/media\/188"}],"wp:attachment":[{"href":"https:\/\/alpakas-bruennau.de\/index.php\/wp-json\/wp\/v2\/media?parent=213"}],"wp:term":[{"taxonomy":"product_brand","embeddable":true,"href":"https:\/\/alpakas-bruennau.de\/index.php\/wp-json\/wp\/v2\/product_brand?post=213"},{"taxonomy":"product_cat","embeddable":true,"href":"https:\/\/alpakas-bruennau.de\/index.php\/wp-json\/wp\/v2\/product_cat?post=213"},{"taxonomy":"product_tag","embeddable":true,"href":"https:\/\/alpakas-bruennau.de\/index.php\/wp-json\/wp\/v2\/product_tag?post=213"}],"curies":[{"name":"wp","href":"https:\/\/api.w.org\/{rel}","templated":true}]}}