{"id":528,"date":"2024-11-24T18:42:08","date_gmt":"2024-11-24T17:42:08","guid":{"rendered":"https:\/\/alpakas-bruennau.de\/?post_type=product&#038;p=528"},"modified":"2025-10-24T15:09:18","modified_gmt":"2025-10-24T13:09:18","slug":"schluesselanhaenger-rund","status":"publish","type":"product","link":"https:\/\/alpakas-bruennau.de\/index.php\/product\/schluesselanhaenger-rund\/","title":{"rendered":"Schl\u00fcsselanh\u00e4nger rund"},"content":{"rendered":"<p>Runder Schl\u00fcsselanh\u00e4nger. Mit Alpakamotiv oder personalisiert.<\/p>\n<p>&nbsp;<\/p>\n<p>Bitte hinterlasst mir bei Bestellung eine kurze Nachricht, wie ich den Schl\u00fcsselanh\u00e4nger gestalten darf.<\/p>\n","protected":false},"excerpt":{"rendered":"<p>Runder Schl\u00fcsselanh\u00e4nger. Mit Alpakamotiv oder personalisiert. &nbsp; Bitte hinterlasst mir bei Bestellung eine kurze Nachricht, wie ich den Schl\u00fcsselanh\u00e4nger gestalten darf.<\/p>\n","protected":false},"featured_media":521,"comment_status":"open","ping_status":"closed","template":"","meta":[],"product_brand":[],"product_cat":[49],"product_tag":[],"class_list":{"0":"post-528","1":"product","2":"type-product","3":"status-publish","4":"has-post-thumbnail","6":"product_cat-schluesselanhaenger","8":"first","9":"instock","10":"shipping-taxable","11":"purchasable","12":"product-type-variable"},"_links":{"self":[{"href":"https:\/\/alpakas-bruennau.de\/index.php\/wp-json\/wp\/v2\/product\/528","targetHints":{"allow":["GET"]}}],"collection":[{"href":"https:\/\/alpakas-bruennau.de\/index.php\/wp-json\/wp\/v2\/product"}],"about":[{"href":"https:\/\/alpakas-bruennau.de\/index.php\/wp-json\/wp\/v2\/types\/product"}],"replies":[{"embeddable":true,"href":"https:\/\/alpakas-bruennau.de\/index.php\/wp-json\/wp\/v2\/comments?post=528"}],"wp:featuredmedia":[{"embeddable":true,"href":"https:\/\/alpakas-bruennau.de\/index.php\/wp-json\/wp\/v2\/media\/521"}],"wp:attachment":[{"href":"https:\/\/alpakas-bruennau.de\/index.php\/wp-json\/wp\/v2\/media?parent=528"}],"wp:term":[{"taxonomy":"product_brand","embeddable":true,"href":"https:\/\/alpakas-bruennau.de\/index.php\/wp-json\/wp\/v2\/product_brand?post=528"},{"taxonomy":"product_cat","embeddable":true,"href":"https:\/\/alpakas-bruennau.de\/index.php\/wp-json\/wp\/v2\/product_cat?post=528"},{"taxonomy":"product_tag","embeddable":true,"href":"https:\/\/alpakas-bruennau.de\/index.php\/wp-json\/wp\/v2\/product_tag?post=528"}],"curies":[{"name":"wp","href":"https:\/\/api.w.org\/{rel}","templated":true}]}}