{"id":604,"date":"2025-10-25T12:12:16","date_gmt":"2025-10-25T10:12:16","guid":{"rendered":"https:\/\/alpakas-bruennau.de\/?post_type=product&#038;p=604"},"modified":"2025-10-25T12:16:57","modified_gmt":"2025-10-25T10:16:57","slug":"alpakawollpellets","status":"publish","type":"product","link":"https:\/\/alpakas-bruennau.de\/index.php\/product\/alpakawollpellets\/","title":{"rendered":"Alpakawollpellets"},"content":{"rendered":"<h1>Alpakawollpellets<\/h1>\n<h2>Der \u00f6kologische Langzeitd\u00fcnger aus Alpakawolle<\/h2>\n<p>Alpakawollpellets werden aus einem Gemisch der Wolle heimischer, lebender Alpakas und Schafe hergestellt. Das Lanolin der Schafwolle dient als \u201eKleber\u201c.<\/p>\n<p>Die Pellets sind ein \u00f6kologischer, optimaler Bio-D\u00fcnger mit Langzeitwirkung f\u00fcr den biologischen Landbau. Geeignet f\u00fcr Obstgeh\u00f6lze, Ziergeh\u00f6lze, Gem\u00fcse sowie Topf- und Zierpflanzen.<\/p>\n<p><strong>Merkmale:<\/strong><\/p>\n<ul>\n<li>gesundes Pflanzenwachstum<\/li>\n<li>kr\u00e4ftige Bl\u00fcten<\/li>\n<li>Langzeitwirkung<\/li>\n<li>guter Wasserspeicher<\/li>\n<li>Bodenlockerung<\/li>\n<li>aktiviert die nat\u00fcrliche Bodenbiologie<\/li>\n<li>vielseitig einsetzbar, auch gegen Bodenversauerung<\/li>\n<li>ideal zur Schneckenvergr\u00e4mung<\/li>\n<\/ul>\n<p><strong>Anwendung:<\/strong><\/p>\n<ul>\n<li>Obst- und Ziergeh\u00f6lze je nach N\u00e4hrstoffbedarf ca. 10 bis 50 g pro Pflanze<\/li>\n<li>Gem\u00fcse ca. 10 bis 50 g pro Pflanze<\/li>\n<li>Topf-und Zierpflanzen je nach N\u00e4hrstoffbedarf 70 bis 140 g pro Pflanze<\/li>\n<\/ul>\n<p><strong>Inhaltsstoffe:<\/strong><\/p>\n<ul>\n<li>Gesamtstickstoff (N) 11 %<\/li>\n<li>Kaliumoxid (K\u2082O) 5 %<\/li>\n<li>Gesamtschwefel (S) 2 %<\/li>\n<li>organische Substanzen ca. 85 %<\/li>\n<\/ul>\n<p>Da es sich um ein Naturprodukt aus Alpaka- und Schafwolle handelt, k\u00f6nnen die angegebenen Werte geringen Schwankungen unterliegen.<\/p>\n","protected":false},"excerpt":{"rendered":"<p>Alpakawollpellets Der \u00f6kologische Langzeitd\u00fcnger aus Alpakawolle Alpakawollpellets werden aus einem Gemisch der Wolle heimischer, lebender Alpakas und Schafe hergestellt. Das Lanolin der Schafwolle dient als \u201eKleber\u201c. Die Pellets sind ein \u00f6kologischer, optimaler Bio-D\u00fcnger mit Langzeitwirkung f\u00fcr den biologischen Landbau. Geeignet f\u00fcr Obstgeh\u00f6lze, Ziergeh\u00f6lze, Gem\u00fcse sowie Topf- und Zierpflanzen. Merkmale: gesundes Pflanzenwachstum kr\u00e4ftige Bl\u00fcten Langzeitwirkung guter [&hellip;]<\/p>\n","protected":false},"featured_media":603,"comment_status":"open","ping_status":"closed","template":"","meta":[],"product_brand":[],"product_cat":[51],"product_tag":[],"class_list":{"0":"post-604","1":"product","2":"type-product","3":"status-publish","4":"has-post-thumbnail","6":"product_cat-wollpellets","8":"first","9":"instock","10":"shipping-taxable","11":"purchasable","12":"product-type-variable"},"_links":{"self":[{"href":"https:\/\/alpakas-bruennau.de\/index.php\/wp-json\/wp\/v2\/product\/604","targetHints":{"allow":["GET"]}}],"collection":[{"href":"https:\/\/alpakas-bruennau.de\/index.php\/wp-json\/wp\/v2\/product"}],"about":[{"href":"https:\/\/alpakas-bruennau.de\/index.php\/wp-json\/wp\/v2\/types\/product"}],"replies":[{"embeddable":true,"href":"https:\/\/alpakas-bruennau.de\/index.php\/wp-json\/wp\/v2\/comments?post=604"}],"wp:featuredmedia":[{"embeddable":true,"href":"https:\/\/alpakas-bruennau.de\/index.php\/wp-json\/wp\/v2\/media\/603"}],"wp:attachment":[{"href":"https:\/\/alpakas-bruennau.de\/index.php\/wp-json\/wp\/v2\/media?parent=604"}],"wp:term":[{"taxonomy":"product_brand","embeddable":true,"href":"https:\/\/alpakas-bruennau.de\/index.php\/wp-json\/wp\/v2\/product_brand?post=604"},{"taxonomy":"product_cat","embeddable":true,"href":"https:\/\/alpakas-bruennau.de\/index.php\/wp-json\/wp\/v2\/product_cat?post=604"},{"taxonomy":"product_tag","embeddable":true,"href":"https:\/\/alpakas-bruennau.de\/index.php\/wp-json\/wp\/v2\/product_tag?post=604"}],"curies":[{"name":"wp","href":"https:\/\/api.w.org\/{rel}","templated":true}]}}