{"id":626,"date":"2025-10-28T08:14:23","date_gmt":"2025-10-28T07:14:23","guid":{"rendered":"https:\/\/alpakas-bruennau.de\/?post_type=product&#038;p=626"},"modified":"2025-10-28T08:20:50","modified_gmt":"2025-10-28T07:20:50","slug":"alpaka-bettdecke","status":"publish","type":"product","link":"https:\/\/alpakas-bruennau.de\/index.php\/product\/alpaka-bettdecke\/","title":{"rendered":"Alpaka Bettdecke 135&#215;200"},"content":{"rendered":"<p>Alpakabetten sind temperaturausgleichend und sorgen so f\u00fcr ein exzellentes Schlafklima. Sie sind feuchtigkeitsausgleichend, antibakteriell und selbstreinigend. Durch den geringen Lanolingehalt der Wolle sind die geruchsneutralen Betten auch bestens f\u00fcr Allergiker, Neurodermitis-, Rheuma- und Gichtpatienten geeignet. Die Betten sind Ganzjahresbetten und k\u00f6nnen mit unterschiedlichen F\u00fcllungen je nach individuellem W\u00e4rmebedarf gefertigt werden.<\/p>\n","protected":false},"excerpt":{"rendered":"<p>Alpakabetten sind temperaturausgleichend und sorgen so f\u00fcr ein exzellentes Schlafklima. Sie sind feuchtigkeitsausgleichend, antibakteriell und selbstreinigend. Durch den geringen Lanolingehalt der Wolle sind die geruchsneutralen Betten auch bestens f\u00fcr Allergiker, Neurodermitis-, Rheuma- und Gichtpatienten geeignet. Die Betten sind Ganzjahresbetten und k\u00f6nnen mit unterschiedlichen F\u00fcllungen je nach individuellem W\u00e4rmebedarf gefertigt werden.<\/p>\n","protected":false},"featured_media":629,"comment_status":"open","ping_status":"closed","template":"","meta":[],"product_brand":[],"product_cat":[46],"product_tag":[],"class_list":{"0":"post-626","1":"product","2":"type-product","3":"status-publish","4":"has-post-thumbnail","6":"product_cat-bettdecken","8":"first","9":"instock","10":"shipping-taxable","11":"purchasable","12":"product-type-variable"},"_links":{"self":[{"href":"https:\/\/alpakas-bruennau.de\/index.php\/wp-json\/wp\/v2\/product\/626","targetHints":{"allow":["GET"]}}],"collection":[{"href":"https:\/\/alpakas-bruennau.de\/index.php\/wp-json\/wp\/v2\/product"}],"about":[{"href":"https:\/\/alpakas-bruennau.de\/index.php\/wp-json\/wp\/v2\/types\/product"}],"replies":[{"embeddable":true,"href":"https:\/\/alpakas-bruennau.de\/index.php\/wp-json\/wp\/v2\/comments?post=626"}],"wp:featuredmedia":[{"embeddable":true,"href":"https:\/\/alpakas-bruennau.de\/index.php\/wp-json\/wp\/v2\/media\/629"}],"wp:attachment":[{"href":"https:\/\/alpakas-bruennau.de\/index.php\/wp-json\/wp\/v2\/media?parent=626"}],"wp:term":[{"taxonomy":"product_brand","embeddable":true,"href":"https:\/\/alpakas-bruennau.de\/index.php\/wp-json\/wp\/v2\/product_brand?post=626"},{"taxonomy":"product_cat","embeddable":true,"href":"https:\/\/alpakas-bruennau.de\/index.php\/wp-json\/wp\/v2\/product_cat?post=626"},{"taxonomy":"product_tag","embeddable":true,"href":"https:\/\/alpakas-bruennau.de\/index.php\/wp-json\/wp\/v2\/product_tag?post=626"}],"curies":[{"name":"wp","href":"https:\/\/api.w.org\/{rel}","templated":true}]}}