{"id":769,"date":"2025-11-21T21:19:24","date_gmt":"2025-11-21T20:19:24","guid":{"rendered":"https:\/\/alpakas-bruennau.de\/?post_type=product&#038;p=769"},"modified":"2025-11-21T21:19:24","modified_gmt":"2025-11-21T20:19:24","slug":"alpaka-muetze-aus-baby-alpaka-merino-mix","status":"publish","type":"product","link":"https:\/\/alpakas-bruennau.de\/index.php\/product\/alpaka-muetze-aus-baby-alpaka-merino-mix\/","title":{"rendered":"Alpaka M\u00fctze aus Baby Alpaka-Merino-Mix"},"content":{"rendered":"<p>Die M\u00fctze PACA vereint luxuri\u00f6ses Baby Alpaka mit feiner Merinowolle f\u00fcr maximalen Tragekomfort und eine flauschige W\u00e4rme. Der dehnbare Rippstrick passt sich an die Kopfform an, w\u00e4hrend das schlichte Design vielseitig kombinierbar ist.<\/p>\n<p>\u2022 Material: 87% Alpaka (Baby Alpaka), 13% Wolle (Merino)<br \/>\n\u2022 Design: Klassische Ripp-Struktur mit angen\u00e4htem Leder-Label<\/p>\n<p>Materialbeschreibung:<br \/>\nBaby Alpaka ist eine der edelsten Naturfasern \u2013 besonders weich, leicht und thermoregulierend. In Kombination mit Merinowolle erh\u00e4lt die M\u00fctze zus\u00e4tzliche Flauschigkeit und ein luftiges, komfortables Tragegef\u00fchl, selbst an kalten Tagen.<\/p>\n","protected":false},"excerpt":{"rendered":"<p>Die M\u00fctze PACA vereint luxuri\u00f6ses Baby Alpaka mit feiner Merinowolle f\u00fcr maximalen Tragekomfort und eine flauschige W\u00e4rme. Der dehnbare Rippstrick passt sich an die Kopfform an, w\u00e4hrend das schlichte Design vielseitig kombinierbar ist. \u2022 Material: 87% Alpaka (Baby Alpaka), 13% Wolle (Merino) \u2022 Design: Klassische Ripp-Struktur mit angen\u00e4htem Leder-Label Materialbeschreibung: Baby Alpaka ist eine der [&hellip;]<\/p>\n","protected":false},"featured_media":742,"comment_status":"open","ping_status":"closed","template":"","meta":[],"product_brand":[],"product_cat":[44],"product_tag":[],"class_list":{"0":"post-769","1":"product","2":"type-product","3":"status-publish","4":"has-post-thumbnail","6":"product_cat-muetzen","8":"first","9":"instock","10":"shipping-taxable","11":"purchasable","12":"product-type-variable"},"_links":{"self":[{"href":"https:\/\/alpakas-bruennau.de\/index.php\/wp-json\/wp\/v2\/product\/769","targetHints":{"allow":["GET"]}}],"collection":[{"href":"https:\/\/alpakas-bruennau.de\/index.php\/wp-json\/wp\/v2\/product"}],"about":[{"href":"https:\/\/alpakas-bruennau.de\/index.php\/wp-json\/wp\/v2\/types\/product"}],"replies":[{"embeddable":true,"href":"https:\/\/alpakas-bruennau.de\/index.php\/wp-json\/wp\/v2\/comments?post=769"}],"wp:featuredmedia":[{"embeddable":true,"href":"https:\/\/alpakas-bruennau.de\/index.php\/wp-json\/wp\/v2\/media\/742"}],"wp:attachment":[{"href":"https:\/\/alpakas-bruennau.de\/index.php\/wp-json\/wp\/v2\/media?parent=769"}],"wp:term":[{"taxonomy":"product_brand","embeddable":true,"href":"https:\/\/alpakas-bruennau.de\/index.php\/wp-json\/wp\/v2\/product_brand?post=769"},{"taxonomy":"product_cat","embeddable":true,"href":"https:\/\/alpakas-bruennau.de\/index.php\/wp-json\/wp\/v2\/product_cat?post=769"},{"taxonomy":"product_tag","embeddable":true,"href":"https:\/\/alpakas-bruennau.de\/index.php\/wp-json\/wp\/v2\/product_tag?post=769"}],"curies":[{"name":"wp","href":"https:\/\/api.w.org\/{rel}","templated":true}]}}