{"id":774,"date":"2025-11-21T21:23:08","date_gmt":"2025-11-21T20:23:08","guid":{"rendered":"https:\/\/alpakas-bruennau.de\/?post_type=product&#038;p=774"},"modified":"2025-11-21T21:23:08","modified_gmt":"2025-11-21T20:23:08","slug":"alpaka-pulswaermer","status":"publish","type":"product","link":"https:\/\/alpakas-bruennau.de\/index.php\/product\/alpaka-pulswaermer\/","title":{"rendered":"Alpaka Pulsw\u00e4rmer"},"content":{"rendered":"<p>Wendbarer Pulsw\u00e4rmer mit Daumenausschnitt in besonders leichter und anschmiegsam weicher Baby Alpaka Qualit\u00e4t.<br \/>\nDoppelt gestrickt: auf der einen Seite Zopfmuster, auf der anderen Seite Rippstrick.<\/p>\n<p>Material: 100% Alpaka (Baby Alpaka)<\/p>\n","protected":false},"excerpt":{"rendered":"<p>Wendbarer Pulsw\u00e4rmer mit Daumenausschnitt in besonders leichter und anschmiegsam weicher Baby Alpaka Qualit\u00e4t. Doppelt gestrickt: auf der einen Seite Zopfmuster, auf der anderen Seite Rippstrick. Material: 100% Alpaka (Baby Alpaka)<\/p>\n","protected":false},"featured_media":750,"comment_status":"open","ping_status":"closed","template":"","meta":[],"product_brand":[],"product_cat":[16],"product_tag":[],"class_list":{"0":"post-774","1":"product","2":"type-product","3":"status-publish","4":"has-post-thumbnail","6":"product_cat-handschuhe","8":"first","9":"instock","10":"shipping-taxable","11":"purchasable","12":"product-type-variable"},"_links":{"self":[{"href":"https:\/\/alpakas-bruennau.de\/index.php\/wp-json\/wp\/v2\/product\/774","targetHints":{"allow":["GET"]}}],"collection":[{"href":"https:\/\/alpakas-bruennau.de\/index.php\/wp-json\/wp\/v2\/product"}],"about":[{"href":"https:\/\/alpakas-bruennau.de\/index.php\/wp-json\/wp\/v2\/types\/product"}],"replies":[{"embeddable":true,"href":"https:\/\/alpakas-bruennau.de\/index.php\/wp-json\/wp\/v2\/comments?post=774"}],"wp:featuredmedia":[{"embeddable":true,"href":"https:\/\/alpakas-bruennau.de\/index.php\/wp-json\/wp\/v2\/media\/750"}],"wp:attachment":[{"href":"https:\/\/alpakas-bruennau.de\/index.php\/wp-json\/wp\/v2\/media?parent=774"}],"wp:term":[{"taxonomy":"product_brand","embeddable":true,"href":"https:\/\/alpakas-bruennau.de\/index.php\/wp-json\/wp\/v2\/product_brand?post=774"},{"taxonomy":"product_cat","embeddable":true,"href":"https:\/\/alpakas-bruennau.de\/index.php\/wp-json\/wp\/v2\/product_cat?post=774"},{"taxonomy":"product_tag","embeddable":true,"href":"https:\/\/alpakas-bruennau.de\/index.php\/wp-json\/wp\/v2\/product_tag?post=774"}],"curies":[{"name":"wp","href":"https:\/\/api.w.org\/{rel}","templated":true}]}}