{"id":779,"date":"2025-11-21T21:27:25","date_gmt":"2025-11-21T20:27:25","guid":{"rendered":"https:\/\/alpakas-bruennau.de\/?post_type=product&#038;p=779"},"modified":"2025-12-05T14:52:10","modified_gmt":"2025-12-05T13:52:10","slug":"alpaka-aus-pluesch-15x9x19cm","status":"publish","type":"product","link":"https:\/\/alpakas-bruennau.de\/index.php\/product\/alpaka-aus-pluesch-15x9x19cm\/","title":{"rendered":"Alpaka aus Pl\u00fcsch 15x9x19cm"},"content":{"rendered":"<p>&#8211; Gr\u00f6\u00dfe ca. 15 x 9 x 19 cm<br \/>\n&#8211; braunes Alpaka mit hellem Gesicht und dunkelbraunen Hufen<br \/>\n&#8211; beiges Alpaka mit hellem Gesicht und hellbraunen Hufen<br \/>\n&#8211; weich gestopft<br \/>\n&#8211; waschbar bei 30\u00b0<br \/>\nF\u00fcr dieses Produkt gibt es folgende Sicherheitshinweise<br \/>\nAchtung: Nicht f\u00fcr Kinder unter 36 Monaten geeignet<br \/>\nAchtung: Benutzung unter unmittelbarer Aufsicht von Erwachsenen<\/p>\n","protected":false},"excerpt":{"rendered":"<p>&#8211; Gr\u00f6\u00dfe ca. 15 x 9 x 19 cm &#8211; braunes Alpaka mit hellem Gesicht und dunkelbraunen Hufen &#8211; beiges Alpaka mit hellem Gesicht und hellbraunen Hufen &#8211; weich gestopft &#8211; waschbar bei 30\u00b0 F\u00fcr dieses Produkt gibt es folgende Sicherheitshinweise Achtung: Nicht f\u00fcr Kinder unter 36 Monaten geeignet Achtung: Benutzung unter unmittelbarer Aufsicht von [&hellip;]<\/p>\n","protected":false},"featured_media":696,"comment_status":"open","ping_status":"closed","template":"","meta":[],"product_brand":[],"product_cat":[43],"product_tag":[],"class_list":{"0":"post-779","1":"product","2":"type-product","3":"status-publish","4":"has-post-thumbnail","6":"product_cat-socken","8":"first","9":"instock","10":"shipping-taxable","11":"purchasable","12":"product-type-variable"},"_links":{"self":[{"href":"https:\/\/alpakas-bruennau.de\/index.php\/wp-json\/wp\/v2\/product\/779","targetHints":{"allow":["GET"]}}],"collection":[{"href":"https:\/\/alpakas-bruennau.de\/index.php\/wp-json\/wp\/v2\/product"}],"about":[{"href":"https:\/\/alpakas-bruennau.de\/index.php\/wp-json\/wp\/v2\/types\/product"}],"replies":[{"embeddable":true,"href":"https:\/\/alpakas-bruennau.de\/index.php\/wp-json\/wp\/v2\/comments?post=779"}],"wp:featuredmedia":[{"embeddable":true,"href":"https:\/\/alpakas-bruennau.de\/index.php\/wp-json\/wp\/v2\/media\/696"}],"wp:attachment":[{"href":"https:\/\/alpakas-bruennau.de\/index.php\/wp-json\/wp\/v2\/media?parent=779"}],"wp:term":[{"taxonomy":"product_brand","embeddable":true,"href":"https:\/\/alpakas-bruennau.de\/index.php\/wp-json\/wp\/v2\/product_brand?post=779"},{"taxonomy":"product_cat","embeddable":true,"href":"https:\/\/alpakas-bruennau.de\/index.php\/wp-json\/wp\/v2\/product_cat?post=779"},{"taxonomy":"product_tag","embeddable":true,"href":"https:\/\/alpakas-bruennau.de\/index.php\/wp-json\/wp\/v2\/product_tag?post=779"}],"curies":[{"name":"wp","href":"https:\/\/api.w.org\/{rel}","templated":true}]}}